{"id":337,"date":"2019-01-28T16:52:50","date_gmt":"2019-01-28T15:52:50","guid":{"rendered":"http:\/\/10.44.205.4\/wp\/adi\/site-28jan19-1852\/?page_id=3"},"modified":"2023-04-30T21:22:17","modified_gmt":"2023-04-30T19:22:17","slug":"impressum-datenschutz","status":"publish","type":"page","link":"https:\/\/www.stage-recorded.de\/index.php\/impressum-datenschutz\/","title":{"rendered":"Impressum &#038; Datenschutz"},"content":{"rendered":"<div data-colibri-id=\"337-c1\" class=\"style-865 style-local-337-c1 position-relative\">\n  <!---->\n  <div data-colibri-component=\"section\" data-colibri-id=\"337-c2\" id=\"initial-content\" class=\"h-section h-section-global-spacing d-flex align-items-lg-center align-items-md-center align-items-center style-866 style-local-337-c2 position-relative\">\n    <!---->\n    <!---->\n    <div class=\"h-section-grid-container h-section-boxed-container\">\n      <!---->\n      <div data-colibri-id=\"337-c3\" class=\"h-row-container gutters-row-lg-2 gutters-row-md-2 gutters-row-0 gutters-row-v-lg-2 gutters-row-v-md-2 gutters-row-v-2 style-867 style-local-337-c3 position-relative\">\n        <!---->\n        <div class=\"h-row justify-content-lg-center justify-content-md-center justify-content-center align-items-lg-stretch align-items-md-stretch align-items-stretch gutters-col-lg-2 gutters-col-md-2 gutters-col-0 gutters-col-v-lg-2 gutters-col-v-md-2 gutters-col-v-2\">\n          <!---->\n          <div class=\"h-column h-column-container d-flex h-col-lg-auto h-col-md-auto h-col-auto style-868-outer style-local-337-c4-outer\">\n            <div data-colibri-id=\"337-c4\" class=\"d-flex h-flex-basis h-column__inner h-px-lg-2 h-px-md-2 h-px-2 v-inner-lg-2 v-inner-md-2 v-inner-2 style-868 style-local-337-c4 position-relative\">\n              <!---->\n              <!---->\n              <div class=\"w-100 h-y-container h-column__content h-column__v-align flex-basis-100 align-self-lg-start align-self-md-start align-self-start\">\n                <!---->\n                <div data-colibri-id=\"337-c10\" class=\"h-global-transition-all h-heading style-874 style-local-337-c10 position-relative h-element\">\n                  <!---->\n                  <div class=\"h-heading__outer style-874 style-local-337-c10\">\n                    <!---->\n                    <!---->\n                    <h1 class=\"\">Impressum &amp; Datenschutz<\/h1>\n                  <\/div>\n                <\/div>\n                <div data-colibri-id=\"337-c11\" class=\"h-text h-text-component style-875 style-local-337-c11 position-relative h-element\">\n                  <!---->\n                  <!---->\n                  <div class=\"\">\n                    <p>Stage Recorded \u2013 Film &amp; Motion Design<\/p>\n                    <p>Lennart B\u00f6ttner\n                      <br>Kramerstra\u00dfe 18\n                      <br>38122 Braunschweig<\/p>\n                    <p>+49 176 50545852\n                      <br>info@stage-recorded.de\n                      <br>www.stage-recorded.de<\/p>\n                    <p>&nbsp;<\/p>\n                    <h4>1. Inhalt des Onlineangebotes<\/h4>\n                    <p>Der Autor \u00fcbernimmt keinerlei Gew\u00e4hr f\u00fcr die Aktualit\u00e4t, Korrektheit, Vollst\u00e4ndigkeit oder Qualit\u00e4t der bereitgestellten Informationen. Haftungsanspr\u00fcche gegen den Autor, welche sich auf Sch\u00e4den materieller oder ideeller Art beziehen,\n                      die durch die Nutzung oder Nichtnutzung der dargebotenen Informationen bzw. durch die Nutzung fehlerhafter und unvollst\u00e4ndiger Informationen verursacht wurden, sind grunds\u00e4tzlich ausgeschlossen, sofern seitens des Autors kein nachweislich\n                      vors\u00e4tzliches oder grob fahrl\u00e4ssiges Verschulden vorliegt.<\/p>\n                    <p>Alle Angebote sind freibleibend und unverbindlich. Der Autor beh\u00e4lt es sich ausdr\u00fccklich vor, Teile der Seiten oder das gesamte Angebot ohne gesonderte Ank\u00fcndigung zu ver\u00e4ndern, zu erg\u00e4nzen, zu l\u00f6schen oder die Ver\u00f6ffentlichung zeitweise\n                      oder endg\u00fcltig einzustellen.<\/p>\n                    <p>&nbsp;<\/p>\n                    <h4>2. Verweise und Links<\/h4>\n                    <p>Bei direkten oder indirekten Verweisen auf fremde Webseiten (\u201eHyperlinks\u201c), die au\u00dferhalb des Verantwortungsbereiches des Autors liegen, w\u00fcrde eine Haftungsverpflichtung ausschlie\u00dflich in dem Fall in Kraft treten, in dem der Autor\n                      von den Inhalten Kenntnis hat und es ihm technisch m\u00f6glich und zumutbar w\u00e4re, die Nutzung im Falle rechtswidriger Inhalte zu verhindern.<\/p>\n                    <p>Der Autor erkl\u00e4rt hiermit ausdr\u00fccklich, dass zum Zeitpunkt der Linksetzung keine illegalen Inhalte auf den zu verlinkenden Seiten erkennbar waren. Auf die aktuelle und zuk\u00fcnftige Gestaltung, die Inhalte oder die Urheberschaft der verlinkten\/verkn\u00fcpften\n                      Seiten hat der Autor keinerlei Einfluss. Deshalb distanziert er sich hiermit ausdr\u00fccklich von allen Inhalten aller verlinkten \/verkn\u00fcpften Seiten, die nach der Linksetzung ver\u00e4ndert wurden. Diese Feststellung gilt f\u00fcr alle innerhalb\n                      des eigenen Internetangebotes gesetzten Links und Verweise sowie f\u00fcr Fremdeintr\u00e4ge in vom Autor eingerichteten G\u00e4steb\u00fcchern, Diskussionsforen, Linkverzeichnissen, Mailinglisten und in allen anderen Formen von Datenbanken, auf deren\n                      Inhalt externe Schreibzugriffe m\u00f6glich sind. F\u00fcr illegale, fehlerhafte oder unvollst\u00e4ndige Inhalte und insbesondere f\u00fcr Sch\u00e4den, die aus der Nutzung oder Nichtnutzung solcherart dargebotener Informationen entstehen, haftet allein\n                      der Anbieter der Seite, auf welche verwiesen wurde, nicht derjenige, der \u00fcber Links auf die jeweilige Ver\u00f6ffentlichung lediglich verweist.<\/p>\n                    <p>&nbsp;<\/p>\n                    <h4>3. Urheber- und Kennzeichenrecht<\/h4>\n                    <p>Der Autor ist bestrebt, in allen Publikationen die Urheberrechte der verwendeten Bilder, Grafiken, Tondokumente, Videosequenzen und Texte zu beachten, von ihm selbst erstellte Bilder, Grafiken, Tondokumente, Videosequenzen und Texte\n                      zu nutzen oder auf lizenzfreie Grafiken, Tondokumente, Videosequenzen und Texte zur\u00fcckzugreifen.<\/p>\n                    <p>Alle innerhalb des Internetangebotes genannten und ggf. durch Dritte gesch\u00fctzten Marken- und Warenzeichen unterliegen uneingeschr\u00e4nkt den Bestimmungen des jeweils g\u00fcltigen Kennzeichenrechts und den Besitzrechten der jeweiligen eingetragenen\n                      Eigent\u00fcmer. Allein aufgrund der blo\u00dfen Nennung ist nicht der Schluss zu ziehen, dass Markenzeichen nicht durch Rechte Dritter gesch\u00fctzt sind!<\/p>\n                    <p>Das Copyright f\u00fcr ver\u00f6ffentlichte, vom Autor selbst erstellte Objekte bleibt allein beim Autor der Seiten. Eine Vervielf\u00e4ltigung oder Verwendung solcher Grafiken, Tondokumente, Videosequenzen und Texte in anderen elektronischen oder\n                      gedruckten Publikationen ist ohne ausdr\u00fcckliche Zustimmung des Autors nicht gestattet.<\/p>\n                    <p>&nbsp;<\/p>\n                    <h4>4. Datenschutz<\/h4>\n                    <p>Wir verarbeiten Ihre Kontakt- \/Vertragsdaten (z.B. in Anspruch genommene Leistungen, Namen von Kontaktpersonen, Zahlungsinformationen), um unsere vertraglichen Verpflichtungen und Serviceleistungen gem\u00e4\u00df Art. 6 Abs. 1 lit. a\/b DSGVO\n                      zu erf\u00fcllen. Die im Kontaktformular als verpflichtend gekennzeichneten Angaben sind f\u00fcr den Vertragsschluss sowie die Zuordnung von Anfragen erforderlich. Die Eingabe pers\u00f6nlicher oder gesch\u00e4ftlicher Daten (Emailadressen, Namen,\n                      Anschriften) erfolgt seitens des Nutzers auf ausdr\u00fccklich freiwilliger Basis. Die Inanspruchnahme und Bezahlung aller angebotenen Dienste ist \u2013 soweit technisch m\u00f6glich und zumutbar \u2013 auch ohne Angabe solcher Daten bzw. unter Angabe\n                      anonymisierter Daten gestattet.<\/p>\n                    <p>Die Verarbeitung der personenbezogenen Daten aus der Eingabemaske dient uns allein zur Bearbeitung der Kontaktaufnahme. Im Falle einer Kontaktaufnahme per E-Mail liegt hieran auch das erforderliche berechtigte Interesse an der Verarbeitung\n                      der Daten. Die sonstigen w\u00e4hrend des Absendevorgangs verarbeiteten personenbezogenen Daten dienen dazu, einen Missbrauch des Kontaktformulars zu verhindern und die Sicherheit unserer informationstechnischen Systeme sicherzustellen.<\/p>\n                    <p>Eine Weitergabe von pers\u00f6nlichen Daten an Dritte ohne ausdr\u00fcckliche Einwilligung des Betroffenen erfolgt nicht.<\/p>\n                    <p>Die Daten werden gel\u00f6scht, sobald sie f\u00fcr die Erreichung des Zweckes ihrer Erhebung nicht mehr erforderlich sind. Dies ist f\u00fcr die w\u00e4hrend des Kontaktaufnahmevorgangs zur Erf\u00fcllung eines Vertrags oder zur Durchf\u00fchrung vorvertraglicher\n                      Ma\u00dfnahmen dann der Fall, wenn die Daten f\u00fcr die Durchf\u00fchrung des Vertrages nicht mehr erforderlich sind oder die jeweilige Konversation mit dem Nutzer beendet ist. Auch nach Abschluss des Vertrags kann eine Erforderlichkeit, personenbezogene\n                      Daten des Vertragspartners zu speichern, bestehen, um vertraglichen oder gesetzlichen Verpflichtungen nachzukommen. Die w\u00e4hrend des Absendevorgangs zus\u00e4tzlich erhobenen personenbezogenen Daten werden sp\u00e4testens nach einer Frist von\n                      sieben Tagen gel\u00f6scht.<\/p>\n                    <p>Der Nutzer hat jederzeit die M\u00f6glichkeit, seine Einwilligung zur Verarbeitung der personenbezogenen Daten zu widerrufen. Nimmt der Nutzer per E-Mail oder das Kontaktformular Kontakt mit uns auf, so kann er der Speicherung seiner personenbezogenen\n                      Daten jederzeit widersprechen. In einem solchen Fall kann die Konversation nicht fortgef\u00fchrt werden. Alle personenbezogenen Daten, die im Zuge der Kontaktaufnahme gespeichert wurden, werden in diesem Fall gel\u00f6scht.<\/p>\n                    <p>Es befinden sich YouTube-Videos im \u201eerweiterten Datenschutzmodus\u201c in unsere Seiten eingebettet. Der Aufruf dieser Seiten f\u00fchrt zu einer Verbindungsaufnahme mit YouTube und dem DoubleClick-Netzwerk. Bereits ein Klick auf das Video kann\n                      weitere Datenverarbeitungsvorg\u00e4nge ausl\u00f6sen, auf welche der Autor keinen Einfluss mehr hat. Ebenfalls befinden sich Vimeo-Videos in unsere Seiten eingebettet. Ein Klick auf das Video kann Datenverarbeitungsvorg\u00e4nge ausl\u00f6sen, auf\n                      welche der Autor keinen Einfluss mehr hat.<\/p>\n                    <p>Die Nutzung der im Rahmen des Impressums oder vergleichbarer Angaben ver\u00f6ffentlichten Kontaktdaten wie Postanschriften, Telefon- und Faxnummern sowie Emailadressen durch Dritte zur \u00dcbersendung von nicht ausdr\u00fccklich angeforderten Informationen\n                      ist nicht gestattet. Rechtliche Schritte gegen die Versender von sogenannten Spam-Mails bei Verst\u00f6ssen gegen dieses Verbot sind ausdr\u00fccklich vorbehalten.<\/p>\n                    <p>&nbsp;<\/p>\n                    <h4>5. Abmahnungen<\/h4>\n                    <p>Sollte der Inhalt oder die Aufmachung dieser Seiten fremde Rechte Dritter oder gesetzliche Bestimmungen verletzen, so bitten wir um eine entsprechende Nachricht ohne Kostennote. Wir garantieren, dass die zu Recht beanstandeten Passagen\n                      unverz\u00fcglich entfernt werden, ohne dass von Ihrer Seite die Einschaltung eines Rechtsbeistandes erforderlich ist. Wird dennoch von Ihnen ohne vorherige Kontaktaufnahme ein Rechtsbeistand eingeschaltet, werden wir die ausgel\u00f6sten\n                      Kosten vollst\u00e4ndig zur\u00fcckweisen und gegebenenfalls Gegenklage wegen Verletzung vorgenannter Bestimmungen einreichen.<\/p>\n                    <p>&nbsp;<\/p>\n                    <h4>6. Rechtswirksamkeit dieses Haftungsausschlusses<\/h4>\n                    <p>Dieser Haftungsausschluss ist als Teil des Internetangebotes zu betrachten, von dem aus auf diese Seite verwiesen wurde. Sofern Teile oder einzelne Formulierungen dieses Textes der geltenden Rechtslage nicht, nicht mehr oder nicht\n                      vollst\u00e4ndig entsprechen sollten, bleiben die \u00fcbrigen Teile des Dokumentes in ihrem Inhalt und ihrer G\u00fcltigkeit davon unber\u00fchrt.<\/p>\n                  <\/div>\n                <\/div>\n              <\/div>\n            <\/div>\n          <\/div>\n        <\/div>\n      <\/div>\n    <\/div>\n  <\/div>\n<\/div>","protected":false},"excerpt":{"rendered":"<p>Impressum &amp; Datenschutz Stage Recorded \u2013 Film &amp; Motion Design Lennart B\u00f6ttner Kramerstra\u00dfe 18 38122 Braunschweig +49 176 50545852 info@stage-recorded.de www.stage-recorded.de &nbsp; 1. Inhalt des Onlineangebotes Der Autor \u00fcbernimmt keinerlei Gew\u00e4hr f\u00fcr die Aktualit\u00e4t, Korrektheit, Vollst\u00e4ndigkeit oder Qualit\u00e4t der bereitgestellten Informationen. Haftungsanspr\u00fcche gegen den Autor, welche sich auf Sch\u00e4den materieller oder ideeller Art beziehen, die [&hellip;]<\/p>\n","protected":false},"author":1,"featured_media":0,"parent":0,"menu_order":0,"comment_status":"closed","ping_status":"closed","template":"page-templates\/full-width-page.php","meta":{"footnotes":""},"class_list":["post-337","page","type-page","status-publish","hentry"],"yoast_head":"<!-- This site is optimized with the Yoast SEO plugin v26.5 - https:\/\/yoast.com\/wordpress\/plugins\/seo\/ -->\n<title>Impressum &amp; Datenschutz - Stage Recorded - Film &amp; Motion Design<\/title>\n<meta name=\"robots\" content=\"noindex, follow\" \/>\n<meta property=\"og:locale\" content=\"de_DE\" \/>\n<meta property=\"og:type\" content=\"article\" \/>\n<meta property=\"og:title\" content=\"Impressum &amp; Datenschutz - Stage Recorded - Film &amp; Motion Design\" \/>\n<meta property=\"og:description\" content=\"Impressum &amp; Datenschutz Stage Recorded \u2013 Film &amp; Motion Design Lennart B\u00f6ttner Kramerstra\u00dfe 18 38122 Braunschweig +49 176 50545852 info@stage-recorded.de www.stage-recorded.de &nbsp; 1. Inhalt des Onlineangebotes Der Autor \u00fcbernimmt keinerlei Gew\u00e4hr f\u00fcr die Aktualit\u00e4t, Korrektheit, Vollst\u00e4ndigkeit oder Qualit\u00e4t der bereitgestellten Informationen. Haftungsanspr\u00fcche gegen den Autor, welche sich auf Sch\u00e4den materieller oder ideeller Art beziehen, die [&hellip;]\" \/>\n<meta property=\"og:url\" content=\"https:\/\/www.stage-recorded.de\/index.php\/impressum-datenschutz\/\" \/>\n<meta property=\"og:site_name\" content=\"Stage Recorded - Film &amp; Motion Design\" \/>\n<meta property=\"article:publisher\" content=\"https:\/\/www.facebook.com\/StageRecorded\/\" \/>\n<meta property=\"article:modified_time\" content=\"2023-04-30T19:22:17+00:00\" \/>\n<meta name=\"twitter:card\" content=\"summary_large_image\" \/>\n<meta name=\"twitter:label1\" content=\"Gesch\u00e4tzte Lesezeit\" \/>\n\t<meta name=\"twitter:data1\" content=\"5\u00a0Minuten\" \/>\n<script type=\"application\/ld+json\" class=\"yoast-schema-graph\">{\"@context\":\"https:\/\/schema.org\",\"@graph\":[{\"@type\":\"WebPage\",\"@id\":\"https:\/\/www.stage-recorded.de\/index.php\/impressum-datenschutz\/\",\"url\":\"https:\/\/www.stage-recorded.de\/index.php\/impressum-datenschutz\/\",\"name\":\"Impressum & Datenschutz - Stage Recorded - Film &amp; Motion Design\",\"isPartOf\":{\"@id\":\"https:\/\/www.stage-recorded.de\/#website\"},\"datePublished\":\"2019-01-28T15:52:50+00:00\",\"dateModified\":\"2023-04-30T19:22:17+00:00\",\"breadcrumb\":{\"@id\":\"https:\/\/www.stage-recorded.de\/index.php\/impressum-datenschutz\/#breadcrumb\"},\"inLanguage\":\"de\",\"potentialAction\":[{\"@type\":\"ReadAction\",\"target\":[\"https:\/\/www.stage-recorded.de\/index.php\/impressum-datenschutz\/\"]}]},{\"@type\":\"BreadcrumbList\",\"@id\":\"https:\/\/www.stage-recorded.de\/index.php\/impressum-datenschutz\/#breadcrumb\",\"itemListElement\":[{\"@type\":\"ListItem\",\"position\":1,\"name\":\"Home\",\"item\":\"https:\/\/www.stage-recorded.de\/\"},{\"@type\":\"ListItem\",\"position\":2,\"name\":\"Impressum &#038; Datenschutz\"}]},{\"@type\":\"WebSite\",\"@id\":\"https:\/\/www.stage-recorded.de\/#website\",\"url\":\"https:\/\/www.stage-recorded.de\/\",\"name\":\"Stage Recorded - Film &amp; Motion Design\",\"description\":\"Als junges Team bieten wir seit acht Jahren Videoproduktionen an. Dass dies nebenerwerblich zum Studium erfolgt, wissen unsere Kunden zu sch\u00e4tzen: Wir sind sehr flexibel und k\u00f6nnen somit fast jeden Wunsch umsetzen.  Wir produzieren Ihr Produktvideo, Showreel, Musikvideo, Aftermovie, Eventvideo oder Ihren Imagefilm!  Wolfenb\u00fcttel \u2013 Braunschweig \u2013 Wolfsburg \u2013 Salzgitter \u2013 Hannover \u2013 Magdeburg\",\"publisher\":{\"@id\":\"https:\/\/www.stage-recorded.de\/#organization\"},\"potentialAction\":[{\"@type\":\"SearchAction\",\"target\":{\"@type\":\"EntryPoint\",\"urlTemplate\":\"https:\/\/www.stage-recorded.de\/?s={search_term_string}\"},\"query-input\":{\"@type\":\"PropertyValueSpecification\",\"valueRequired\":true,\"valueName\":\"search_term_string\"}}],\"inLanguage\":\"de\"},{\"@type\":\"Organization\",\"@id\":\"https:\/\/www.stage-recorded.de\/#organization\",\"name\":\"Stage Recorded - Film & Motion Design\",\"url\":\"https:\/\/www.stage-recorded.de\/\",\"logo\":{\"@type\":\"ImageObject\",\"inLanguage\":\"de\",\"@id\":\"https:\/\/www.stage-recorded.de\/#\/schema\/logo\/image\/\",\"url\":\"https:\/\/www.stage-recorded.de\/wp-content\/uploads\/2019\/10\/Stage-Recorded_V_IV_transparent_inverted.png\",\"contentUrl\":\"https:\/\/www.stage-recorded.de\/wp-content\/uploads\/2019\/10\/Stage-Recorded_V_IV_transparent_inverted.png\",\"width\":2793,\"height\":534,\"caption\":\"Stage Recorded - Film & Motion Design\"},\"image\":{\"@id\":\"https:\/\/www.stage-recorded.de\/#\/schema\/logo\/image\/\"},\"sameAs\":[\"https:\/\/www.facebook.com\/StageRecorded\/\",\"https:\/\/www.youtube.com\/StageRecordedDe\"]}]}<\/script>\n<!-- \/ Yoast SEO plugin. -->","yoast_head_json":{"title":"Impressum & Datenschutz - Stage Recorded - Film &amp; Motion Design","robots":{"index":"noindex","follow":"follow"},"og_locale":"de_DE","og_type":"article","og_title":"Impressum & Datenschutz - Stage Recorded - Film &amp; Motion Design","og_description":"Impressum &amp; Datenschutz Stage Recorded \u2013 Film &amp; Motion Design Lennart B\u00f6ttner Kramerstra\u00dfe 18 38122 Braunschweig +49 176 50545852 info@stage-recorded.de www.stage-recorded.de &nbsp; 1. Inhalt des Onlineangebotes Der Autor \u00fcbernimmt keinerlei Gew\u00e4hr f\u00fcr die Aktualit\u00e4t, Korrektheit, Vollst\u00e4ndigkeit oder Qualit\u00e4t der bereitgestellten Informationen. Haftungsanspr\u00fcche gegen den Autor, welche sich auf Sch\u00e4den materieller oder ideeller Art beziehen, die [&hellip;]","og_url":"https:\/\/www.stage-recorded.de\/index.php\/impressum-datenschutz\/","og_site_name":"Stage Recorded - Film &amp; Motion Design","article_publisher":"https:\/\/www.facebook.com\/StageRecorded\/","article_modified_time":"2023-04-30T19:22:17+00:00","twitter_card":"summary_large_image","twitter_misc":{"Gesch\u00e4tzte Lesezeit":"5\u00a0Minuten"},"schema":{"@context":"https:\/\/schema.org","@graph":[{"@type":"WebPage","@id":"https:\/\/www.stage-recorded.de\/index.php\/impressum-datenschutz\/","url":"https:\/\/www.stage-recorded.de\/index.php\/impressum-datenschutz\/","name":"Impressum & Datenschutz - Stage Recorded - Film &amp; Motion Design","isPartOf":{"@id":"https:\/\/www.stage-recorded.de\/#website"},"datePublished":"2019-01-28T15:52:50+00:00","dateModified":"2023-04-30T19:22:17+00:00","breadcrumb":{"@id":"https:\/\/www.stage-recorded.de\/index.php\/impressum-datenschutz\/#breadcrumb"},"inLanguage":"de","potentialAction":[{"@type":"ReadAction","target":["https:\/\/www.stage-recorded.de\/index.php\/impressum-datenschutz\/"]}]},{"@type":"BreadcrumbList","@id":"https:\/\/www.stage-recorded.de\/index.php\/impressum-datenschutz\/#breadcrumb","itemListElement":[{"@type":"ListItem","position":1,"name":"Home","item":"https:\/\/www.stage-recorded.de\/"},{"@type":"ListItem","position":2,"name":"Impressum &#038; Datenschutz"}]},{"@type":"WebSite","@id":"https:\/\/www.stage-recorded.de\/#website","url":"https:\/\/www.stage-recorded.de\/","name":"Stage Recorded - Film &amp; Motion Design","description":"Als junges Team bieten wir seit acht Jahren Videoproduktionen an. Dass dies nebenerwerblich zum Studium erfolgt, wissen unsere Kunden zu sch\u00e4tzen: Wir sind sehr flexibel und k\u00f6nnen somit fast jeden Wunsch umsetzen.  Wir produzieren Ihr Produktvideo, Showreel, Musikvideo, Aftermovie, Eventvideo oder Ihren Imagefilm!  Wolfenb\u00fcttel \u2013 Braunschweig \u2013 Wolfsburg \u2013 Salzgitter \u2013 Hannover \u2013 Magdeburg","publisher":{"@id":"https:\/\/www.stage-recorded.de\/#organization"},"potentialAction":[{"@type":"SearchAction","target":{"@type":"EntryPoint","urlTemplate":"https:\/\/www.stage-recorded.de\/?s={search_term_string}"},"query-input":{"@type":"PropertyValueSpecification","valueRequired":true,"valueName":"search_term_string"}}],"inLanguage":"de"},{"@type":"Organization","@id":"https:\/\/www.stage-recorded.de\/#organization","name":"Stage Recorded - Film & Motion Design","url":"https:\/\/www.stage-recorded.de\/","logo":{"@type":"ImageObject","inLanguage":"de","@id":"https:\/\/www.stage-recorded.de\/#\/schema\/logo\/image\/","url":"https:\/\/www.stage-recorded.de\/wp-content\/uploads\/2019\/10\/Stage-Recorded_V_IV_transparent_inverted.png","contentUrl":"https:\/\/www.stage-recorded.de\/wp-content\/uploads\/2019\/10\/Stage-Recorded_V_IV_transparent_inverted.png","width":2793,"height":534,"caption":"Stage Recorded - Film & Motion Design"},"image":{"@id":"https:\/\/www.stage-recorded.de\/#\/schema\/logo\/image\/"},"sameAs":["https:\/\/www.facebook.com\/StageRecorded\/","https:\/\/www.youtube.com\/StageRecordedDe"]}]}},"_links":{"self":[{"href":"https:\/\/www.stage-recorded.de\/index.php\/wp-json\/wp\/v2\/pages\/337","targetHints":{"allow":["GET"]}}],"collection":[{"href":"https:\/\/www.stage-recorded.de\/index.php\/wp-json\/wp\/v2\/pages"}],"about":[{"href":"https:\/\/www.stage-recorded.de\/index.php\/wp-json\/wp\/v2\/types\/page"}],"author":[{"embeddable":true,"href":"https:\/\/www.stage-recorded.de\/index.php\/wp-json\/wp\/v2\/users\/1"}],"replies":[{"embeddable":true,"href":"https:\/\/www.stage-recorded.de\/index.php\/wp-json\/wp\/v2\/comments?post=337"}],"version-history":[{"count":7,"href":"https:\/\/www.stage-recorded.de\/index.php\/wp-json\/wp\/v2\/pages\/337\/revisions"}],"predecessor-version":[{"id":1341,"href":"https:\/\/www.stage-recorded.de\/index.php\/wp-json\/wp\/v2\/pages\/337\/revisions\/1341"}],"wp:attachment":[{"href":"https:\/\/www.stage-recorded.de\/index.php\/wp-json\/wp\/v2\/media?parent=337"}],"curies":[{"name":"wp","href":"https:\/\/api.w.org\/{rel}","templated":true}]}}